{"id":10,"date":"2020-12-09T02:16:42","date_gmt":"2020-12-09T02:16:42","guid":{"rendered":"https:\/\/www.res.cmb.ac.lk\/chemistry\/chavin-perera\/?page_id=10"},"modified":"2021-09-09T07:12:21","modified_gmt":"2021-09-09T12:42:21","slug":"gallery","status":"publish","type":"page","link":"https:\/\/www.res.cmb.ac.lk\/chemistry\/chavin-perera\/gallery\/","title":{"rendered":"Gallery"},"content":{"rendered":"<div id=\"attachment_47\" style=\"width: 235px\" class=\"wp-caption alignleft\"><img aria-describedby=\"caption-attachment-47\" loading=\"lazy\" class=\"wp-image-47 size-medium\" src=\"https:\/\/www.res.cmb.ac.lk\/chemistry\/chavin-perera\/wp-content\/uploads\/sites\/25\/2020\/12\/nobel-225x300.jpg\" alt=\"Nobel Peace Prize | OPCW\" width=\"225\" height=\"300\" srcset=\"https:\/\/www.res.cmb.ac.lk\/chemistry\/chavin-perera\/wp-content\/uploads\/sites\/25\/2020\/12\/nobel-225x300.jpg 225w, https:\/\/www.res.cmb.ac.lk\/chemistry\/chavin-perera\/wp-content\/uploads\/sites\/25\/2020\/12\/nobel-768x1024.jpg 768w, https:\/\/www.res.cmb.ac.lk\/chemistry\/chavin-perera\/wp-content\/uploads\/sites\/25\/2020\/12\/nobel.jpg 960w\" sizes=\"(max-width: 225px) 100vw, 225px\" \/><p id=\"caption-attachment-47\" class=\"wp-caption-text\">Nobel Peace Prize- 2013 | OPCW Headquarters , The Hague.<\/p><\/div>\n<p>&nbsp;<\/p>\n<p>&nbsp;<\/p>\n<p>&nbsp;<\/p>\n<p>&nbsp;<\/p>\n<p>&nbsp;<\/p>\n<p>&nbsp;<\/p>\n<p>&nbsp;<\/p>\n<p>&nbsp;<\/p>\n<p>&nbsp;<\/p>\n<div id=\"attachment_48\" style=\"width: 310px\" class=\"wp-caption alignnone\"><img aria-describedby=\"caption-attachment-48\" loading=\"lazy\" class=\"wp-image-48 size-medium\" src=\"https:\/\/www.res.cmb.ac.lk\/chemistry\/chavin-perera\/wp-content\/uploads\/sites\/25\/2020\/12\/IMG-20170919-WA0010-300x200.jpg\" alt=\"\" width=\"300\" height=\"200\" srcset=\"https:\/\/www.res.cmb.ac.lk\/chemistry\/chavin-perera\/wp-content\/uploads\/sites\/25\/2020\/12\/IMG-20170919-WA0010-300x200.jpg 300w, https:\/\/www.res.cmb.ac.lk\/chemistry\/chavin-perera\/wp-content\/uploads\/sites\/25\/2020\/12\/IMG-20170919-WA0010-768x511.jpg 768w, https:\/\/www.res.cmb.ac.lk\/chemistry\/chavin-perera\/wp-content\/uploads\/sites\/25\/2020\/12\/IMG-20170919-WA0010-1024x682.jpg 1024w, https:\/\/www.res.cmb.ac.lk\/chemistry\/chavin-perera\/wp-content\/uploads\/sites\/25\/2020\/12\/IMG-20170919-WA0010.jpg 1280w\" sizes=\"(max-width: 300px) 100vw, 300px\" \/><p id=\"caption-attachment-48\" class=\"wp-caption-text\">Swedish Defence Research Agency 2017 | Ume\u00e5<\/p><\/div>\n<p>&nbsp;<\/p>\n<div id=\"attachment_49\" style=\"width: 310px\" class=\"wp-caption alignnone\"><img aria-describedby=\"caption-attachment-49\" loading=\"lazy\" class=\"size-medium wp-image-49\" src=\"https:\/\/www.res.cmb.ac.lk\/chemistry\/chavin-perera\/wp-content\/uploads\/sites\/25\/2020\/12\/IMG_20171104_125730-300x222.jpg\" alt=\"Agilent HPLC\" width=\"300\" height=\"222\" srcset=\"https:\/\/www.res.cmb.ac.lk\/chemistry\/chavin-perera\/wp-content\/uploads\/sites\/25\/2020\/12\/IMG_20171104_125730-300x222.jpg 300w, https:\/\/www.res.cmb.ac.lk\/chemistry\/chavin-perera\/wp-content\/uploads\/sites\/25\/2020\/12\/IMG_20171104_125730-768x569.jpg 768w, https:\/\/www.res.cmb.ac.lk\/chemistry\/chavin-perera\/wp-content\/uploads\/sites\/25\/2020\/12\/IMG_20171104_125730-1024x759.jpg 1024w\" sizes=\"(max-width: 300px) 100vw, 300px\" \/><p id=\"caption-attachment-49\" class=\"wp-caption-text\">Agilent HPLC<\/p><\/div>\n<p>&nbsp;<\/p>\n<p><a href=\"https:\/\/www.surrey.ac.uk\/news\/opcw-programme-surrey-helps-make-world-more-peaceful-place\">https:\/\/www.surrey.ac.uk\/news\/opcw-programme-surrey-helps-make-world-more-peaceful-place<\/a><\/p>\n<p>&nbsp;<\/p>\n<p><a href=\"https:\/\/cell.cmb.ac.lk\/training-programs-workshops\/#eight\">https:\/\/cell.cmb.ac.lk\/training-programs-workshops\/#eight<\/a><\/p>\n<p>&nbsp;<\/p>\n<blockquote class=\"wp-embedded-content\" data-secret=\"AHRKruIwR3\"><p><a href=\"https:\/\/www.zst-tarnow.pl\/spotkanie-z-przedstawicielami-opcw\/\">Spotkanie z przedstawicielami OPCW<\/a><\/p><\/blockquote>\n<p><iframe class=\"wp-embedded-content\" sandbox=\"allow-scripts\" security=\"restricted\" style=\"position: absolute; clip: rect(1px, 1px, 1px, 1px);\" title=\"&#8222;Spotkanie z przedstawicielami OPCW&#8221; &#8212; Zesp\u00f3\u0142 Szk\u00f3\u0142 Technicznych\" src=\"https:\/\/www.zst-tarnow.pl\/spotkanie-z-przedstawicielami-opcw\/embed\/#?secret=AHRKruIwR3\" data-secret=\"AHRKruIwR3\" width=\"600\" height=\"338\" frameborder=\"0\" marginwidth=\"0\" marginheight=\"0\" scrolling=\"no\"><\/iframe><\/p>\n<p><img loading=\"lazy\" class=\"alignnone size-medium wp-image-59\" src=\"https:\/\/www.res.cmb.ac.lk\/chemistry\/chavin-perera\/wp-content\/uploads\/sites\/25\/2021\/06\/AES-050-300x225.jpg\" alt=\"\" width=\"300\" height=\"225\" srcset=\"https:\/\/www.res.cmb.ac.lk\/chemistry\/chavin-perera\/wp-content\/uploads\/sites\/25\/2021\/06\/AES-050-300x225.jpg 300w, https:\/\/www.res.cmb.ac.lk\/chemistry\/chavin-perera\/wp-content\/uploads\/sites\/25\/2021\/06\/AES-050-1024x768.jpg 1024w, https:\/\/www.res.cmb.ac.lk\/chemistry\/chavin-perera\/wp-content\/uploads\/sites\/25\/2021\/06\/AES-050-768x576.jpg 768w, https:\/\/www.res.cmb.ac.lk\/chemistry\/chavin-perera\/wp-content\/uploads\/sites\/25\/2021\/06\/AES-050-1536x1152.jpg 1536w, https:\/\/www.res.cmb.ac.lk\/chemistry\/chavin-perera\/wp-content\/uploads\/sites\/25\/2021\/06\/AES-050-2048x1536.jpg 2048w\" sizes=\"(max-width: 300px) 100vw, 300px\" \/><\/p>\n<p>Kelanitissa power station, Sri Lanka.<\/p>\n<p>&nbsp;<\/p>\n<p><img loading=\"lazy\" class=\"alignnone size-medium wp-image-60\" src=\"https:\/\/www.res.cmb.ac.lk\/chemistry\/chavin-perera\/wp-content\/uploads\/sites\/25\/2021\/06\/Holcim-Galle-131224-074-225x300.jpg\" alt=\"\" width=\"225\" height=\"300\" srcset=\"https:\/\/www.res.cmb.ac.lk\/chemistry\/chavin-perera\/wp-content\/uploads\/sites\/25\/2021\/06\/Holcim-Galle-131224-074-225x300.jpg 225w, https:\/\/www.res.cmb.ac.lk\/chemistry\/chavin-perera\/wp-content\/uploads\/sites\/25\/2021\/06\/Holcim-Galle-131224-074-768x1024.jpg 768w, https:\/\/www.res.cmb.ac.lk\/chemistry\/chavin-perera\/wp-content\/uploads\/sites\/25\/2021\/06\/Holcim-Galle-131224-074-1152x1536.jpg 1152w, https:\/\/www.res.cmb.ac.lk\/chemistry\/chavin-perera\/wp-content\/uploads\/sites\/25\/2021\/06\/Holcim-Galle-131224-074.jpg 1536w\" sizes=\"(max-width: 225px) 100vw, 225px\" \/><\/p>\n<p>Holcim Cement, Galle, Sri Lanka<\/p>\n<p>&nbsp;<\/p>\n<p><img loading=\"lazy\" class=\"alignnone size-medium wp-image-65\" src=\"https:\/\/www.res.cmb.ac.lk\/chemistry\/chavin-perera\/wp-content\/uploads\/sites\/25\/2021\/06\/IMG_20190409_140522-300x225.jpg\" alt=\"\" width=\"300\" height=\"225\" srcset=\"https:\/\/www.res.cmb.ac.lk\/chemistry\/chavin-perera\/wp-content\/uploads\/sites\/25\/2021\/06\/IMG_20190409_140522-300x225.jpg 300w, https:\/\/www.res.cmb.ac.lk\/chemistry\/chavin-perera\/wp-content\/uploads\/sites\/25\/2021\/06\/IMG_20190409_140522-1024x768.jpg 1024w, https:\/\/www.res.cmb.ac.lk\/chemistry\/chavin-perera\/wp-content\/uploads\/sites\/25\/2021\/06\/IMG_20190409_140522-768x576.jpg 768w, https:\/\/www.res.cmb.ac.lk\/chemistry\/chavin-perera\/wp-content\/uploads\/sites\/25\/2021\/06\/IMG_20190409_140522-1536x1152.jpg 1536w, https:\/\/www.res.cmb.ac.lk\/chemistry\/chavin-perera\/wp-content\/uploads\/sites\/25\/2021\/06\/IMG_20190409_140522-2048x1536.jpg 2048w\" sizes=\"(max-width: 300px) 100vw, 300px\" \/><\/p>\n<p>GC repair<\/p>\n<p><img loading=\"lazy\" class=\"alignnone size-medium wp-image-64\" src=\"https:\/\/www.res.cmb.ac.lk\/chemistry\/chavin-perera\/wp-content\/uploads\/sites\/25\/2021\/06\/IMG_20180817_134937_HDR-225x300.jpg\" alt=\"\" width=\"225\" height=\"300\" srcset=\"https:\/\/www.res.cmb.ac.lk\/chemistry\/chavin-perera\/wp-content\/uploads\/sites\/25\/2021\/06\/IMG_20180817_134937_HDR-225x300.jpg 225w, https:\/\/www.res.cmb.ac.lk\/chemistry\/chavin-perera\/wp-content\/uploads\/sites\/25\/2021\/06\/IMG_20180817_134937_HDR-768x1024.jpg 768w, https:\/\/www.res.cmb.ac.lk\/chemistry\/chavin-perera\/wp-content\/uploads\/sites\/25\/2021\/06\/IMG_20180817_134937_HDR-1152x1536.jpg 1152w, https:\/\/www.res.cmb.ac.lk\/chemistry\/chavin-perera\/wp-content\/uploads\/sites\/25\/2021\/06\/IMG_20180817_134937_HDR-1536x2048.jpg 1536w, https:\/\/www.res.cmb.ac.lk\/chemistry\/chavin-perera\/wp-content\/uploads\/sites\/25\/2021\/06\/IMG_20180817_134937_HDR-scaled.jpg 1920w\" sizes=\"(max-width: 225px) 100vw, 225px\" \/><\/p>\n<p>GC Inlet (replacing)<\/p>\n<p>&nbsp;<\/p>\n<p><img loading=\"lazy\" class=\"alignnone size-medium wp-image-62\" src=\"https:\/\/www.res.cmb.ac.lk\/chemistry\/chavin-perera\/wp-content\/uploads\/sites\/25\/2021\/06\/IMG_20170701_130200-300x225.jpg\" alt=\"\" width=\"300\" height=\"225\" srcset=\"https:\/\/www.res.cmb.ac.lk\/chemistry\/chavin-perera\/wp-content\/uploads\/sites\/25\/2021\/06\/IMG_20170701_130200-300x225.jpg 300w, https:\/\/www.res.cmb.ac.lk\/chemistry\/chavin-perera\/wp-content\/uploads\/sites\/25\/2021\/06\/IMG_20170701_130200-1024x768.jpg 1024w, https:\/\/www.res.cmb.ac.lk\/chemistry\/chavin-perera\/wp-content\/uploads\/sites\/25\/2021\/06\/IMG_20170701_130200-768x576.jpg 768w, https:\/\/www.res.cmb.ac.lk\/chemistry\/chavin-perera\/wp-content\/uploads\/sites\/25\/2021\/06\/IMG_20170701_130200-1536x1152.jpg 1536w, https:\/\/www.res.cmb.ac.lk\/chemistry\/chavin-perera\/wp-content\/uploads\/sites\/25\/2021\/06\/IMG_20170701_130200-2048x1536.jpg 2048w\" sizes=\"(max-width: 300px) 100vw, 300px\" \/><\/p>\n<p>Samples (GC-MS) collecting from reptiles<\/p>\n<p><img loading=\"lazy\" class=\"alignnone size-medium wp-image-63\" src=\"https:\/\/www.res.cmb.ac.lk\/chemistry\/chavin-perera\/wp-content\/uploads\/sites\/25\/2021\/06\/IMG_20170701_130320-300x225.jpg\" alt=\"\" width=\"300\" height=\"225\" srcset=\"https:\/\/www.res.cmb.ac.lk\/chemistry\/chavin-perera\/wp-content\/uploads\/sites\/25\/2021\/06\/IMG_20170701_130320-300x225.jpg 300w, https:\/\/www.res.cmb.ac.lk\/chemistry\/chavin-perera\/wp-content\/uploads\/sites\/25\/2021\/06\/IMG_20170701_130320-1024x768.jpg 1024w, https:\/\/www.res.cmb.ac.lk\/chemistry\/chavin-perera\/wp-content\/uploads\/sites\/25\/2021\/06\/IMG_20170701_130320-768x576.jpg 768w, https:\/\/www.res.cmb.ac.lk\/chemistry\/chavin-perera\/wp-content\/uploads\/sites\/25\/2021\/06\/IMG_20170701_130320-1536x1152.jpg 1536w, https:\/\/www.res.cmb.ac.lk\/chemistry\/chavin-perera\/wp-content\/uploads\/sites\/25\/2021\/06\/IMG_20170701_130320-2048x1536.jpg 2048w\" sizes=\"(max-width: 300px) 100vw, 300px\" \/><\/p>\n<p>Samples collecting from reptiles<\/p>\n<p><img loading=\"lazy\" class=\"alignnone size-medium wp-image-70\" src=\"https:\/\/www.res.cmb.ac.lk\/chemistry\/chavin-perera\/wp-content\/uploads\/sites\/25\/2021\/09\/IMG_20190806_122609-300x225.jpg\" alt=\"\" width=\"300\" height=\"225\" srcset=\"https:\/\/www.res.cmb.ac.lk\/chemistry\/chavin-perera\/wp-content\/uploads\/sites\/25\/2021\/09\/IMG_20190806_122609-300x225.jpg 300w, https:\/\/www.res.cmb.ac.lk\/chemistry\/chavin-perera\/wp-content\/uploads\/sites\/25\/2021\/09\/IMG_20190806_122609-1024x768.jpg 1024w, https:\/\/www.res.cmb.ac.lk\/chemistry\/chavin-perera\/wp-content\/uploads\/sites\/25\/2021\/09\/IMG_20190806_122609-768x576.jpg 768w, https:\/\/www.res.cmb.ac.lk\/chemistry\/chavin-perera\/wp-content\/uploads\/sites\/25\/2021\/09\/IMG_20190806_122609-1536x1152.jpg 1536w, https:\/\/www.res.cmb.ac.lk\/chemistry\/chavin-perera\/wp-content\/uploads\/sites\/25\/2021\/09\/IMG_20190806_122609-2048x1536.jpg 2048w\" sizes=\"(max-width: 300px) 100vw, 300px\" \/><\/p>\n<p>Agilent to Bruker<\/p>\n<p><img loading=\"lazy\" class=\"alignnone size-medium wp-image-72\" src=\"https:\/\/www.res.cmb.ac.lk\/chemistry\/chavin-perera\/wp-content\/uploads\/sites\/25\/2021\/09\/IMG_20190806_123646-225x300.jpg\" alt=\"\" width=\"225\" height=\"300\" srcset=\"https:\/\/www.res.cmb.ac.lk\/chemistry\/chavin-perera\/wp-content\/uploads\/sites\/25\/2021\/09\/IMG_20190806_123646-225x300.jpg 225w, https:\/\/www.res.cmb.ac.lk\/chemistry\/chavin-perera\/wp-content\/uploads\/sites\/25\/2021\/09\/IMG_20190806_123646-768x1024.jpg 768w, https:\/\/www.res.cmb.ac.lk\/chemistry\/chavin-perera\/wp-content\/uploads\/sites\/25\/2021\/09\/IMG_20190806_123646-1152x1536.jpg 1152w, https:\/\/www.res.cmb.ac.lk\/chemistry\/chavin-perera\/wp-content\/uploads\/sites\/25\/2021\/09\/IMG_20190806_123646-1536x2048.jpg 1536w, https:\/\/www.res.cmb.ac.lk\/chemistry\/chavin-perera\/wp-content\/uploads\/sites\/25\/2021\/09\/IMG_20190806_123646-scaled.jpg 1920w\" sizes=\"(max-width: 225px) 100vw, 225px\" \/><\/p>\n<p>Bruker 400 MHz NMR<\/p>\n<p><img loading=\"lazy\" class=\"alignnone size-medium wp-image-73\" src=\"https:\/\/www.res.cmb.ac.lk\/chemistry\/chavin-perera\/wp-content\/uploads\/sites\/25\/2021\/09\/IMG-20190822-WA0023-300x225.jpg\" alt=\"\" width=\"300\" height=\"225\" srcset=\"https:\/\/www.res.cmb.ac.lk\/chemistry\/chavin-perera\/wp-content\/uploads\/sites\/25\/2021\/09\/IMG-20190822-WA0023-300x225.jpg 300w, https:\/\/www.res.cmb.ac.lk\/chemistry\/chavin-perera\/wp-content\/uploads\/sites\/25\/2021\/09\/IMG-20190822-WA0023-1024x768.jpg 1024w, https:\/\/www.res.cmb.ac.lk\/chemistry\/chavin-perera\/wp-content\/uploads\/sites\/25\/2021\/09\/IMG-20190822-WA0023-768x576.jpg 768w, https:\/\/www.res.cmb.ac.lk\/chemistry\/chavin-perera\/wp-content\/uploads\/sites\/25\/2021\/09\/IMG-20190822-WA0023.jpg 1080w\" sizes=\"(max-width: 300px) 100vw, 300px\" \/><img loading=\"lazy\" class=\"alignnone size-medium wp-image-74\" src=\"https:\/\/www.res.cmb.ac.lk\/chemistry\/chavin-perera\/wp-content\/uploads\/sites\/25\/2021\/09\/IMG-20190901-WA0010-300x225.jpg\" alt=\"\" width=\"300\" height=\"225\" srcset=\"https:\/\/www.res.cmb.ac.lk\/chemistry\/chavin-perera\/wp-content\/uploads\/sites\/25\/2021\/09\/IMG-20190901-WA0010-300x225.jpg 300w, https:\/\/www.res.cmb.ac.lk\/chemistry\/chavin-perera\/wp-content\/uploads\/sites\/25\/2021\/09\/IMG-20190901-WA0010-768x576.jpg 768w, https:\/\/www.res.cmb.ac.lk\/chemistry\/chavin-perera\/wp-content\/uploads\/sites\/25\/2021\/09\/IMG-20190901-WA0010.jpg 948w\" sizes=\"(max-width: 300px) 100vw, 300px\" \/><img loading=\"lazy\" class=\"alignnone size-medium wp-image-75\" src=\"https:\/\/www.res.cmb.ac.lk\/chemistry\/chavin-perera\/wp-content\/uploads\/sites\/25\/2021\/09\/IMG-20190901-WA0063-225x300.jpg\" alt=\"\" width=\"225\" height=\"300\" srcset=\"https:\/\/www.res.cmb.ac.lk\/chemistry\/chavin-perera\/wp-content\/uploads\/sites\/25\/2021\/09\/IMG-20190901-WA0063-225x300.jpg 225w, https:\/\/www.res.cmb.ac.lk\/chemistry\/chavin-perera\/wp-content\/uploads\/sites\/25\/2021\/09\/IMG-20190901-WA0063-769x1024.jpg 769w, https:\/\/www.res.cmb.ac.lk\/chemistry\/chavin-perera\/wp-content\/uploads\/sites\/25\/2021\/09\/IMG-20190901-WA0063-768x1023.jpg 768w, https:\/\/www.res.cmb.ac.lk\/chemistry\/chavin-perera\/wp-content\/uploads\/sites\/25\/2021\/09\/IMG-20190901-WA0063.jpg 811w\" sizes=\"(max-width: 225px) 100vw, 225px\" \/><\/p>\n<h3 class=\"LC20lb DKV0Md\">University of Surrey, Guildford, United Kingdom<\/h3>\n","protected":false},"excerpt":{"rendered":"<p>&nbsp; &nbsp; &nbsp; &nbsp; &nbsp; &nbsp; &nbsp; &nbsp; &nbsp; &nbsp; &nbsp; https:\/\/www.surrey.ac.uk\/news\/opcw-programme-surrey-helps-make-world-more-peaceful-place &nbsp; https:\/\/cell.cmb.ac.lk\/training-programs-workshops\/#eight &nbsp; Spotkanie z przedstawicielami OPCW Kelanitissa [&hellip;]<\/p>\n","protected":false},"author":1,"featured_media":0,"parent":0,"menu_order":0,"comment_status":"closed","ping_status":"closed","template":"","meta":[],"_links":{"self":[{"href":"https:\/\/www.res.cmb.ac.lk\/chemistry\/chavin-perera\/wp-json\/wp\/v2\/pages\/10"}],"collection":[{"href":"https:\/\/www.res.cmb.ac.lk\/chemistry\/chavin-perera\/wp-json\/wp\/v2\/pages"}],"about":[{"href":"https:\/\/www.res.cmb.ac.lk\/chemistry\/chavin-perera\/wp-json\/wp\/v2\/types\/page"}],"author":[{"embeddable":true,"href":"https:\/\/www.res.cmb.ac.lk\/chemistry\/chavin-perera\/wp-json\/wp\/v2\/users\/1"}],"replies":[{"embeddable":true,"href":"https:\/\/www.res.cmb.ac.lk\/chemistry\/chavin-perera\/wp-json\/wp\/v2\/comments?post=10"}],"version-history":[{"count":9,"href":"https:\/\/www.res.cmb.ac.lk\/chemistry\/chavin-perera\/wp-json\/wp\/v2\/pages\/10\/revisions"}],"predecessor-version":[{"id":43,"href":"https:\/\/www.res.cmb.ac.lk\/chemistry\/chavin-perera\/wp-json\/wp\/v2\/pages\/10\/revisions\/43"}],"wp:attachment":[{"href":"https:\/\/www.res.cmb.ac.lk\/chemistry\/chavin-perera\/wp-json\/wp\/v2\/media?parent=10"}],"curies":[{"name":"wp","href":"https:\/\/api.w.org\/{rel}","templated":true}]}}